{"id":3,"date":"2024-06-06T14:06:44","date_gmt":"2024-06-06T18:06:44","guid":{"rendered":"https:\/\/nomediadetected.com\/?page_id=3"},"modified":"2024-06-11T13:25:15","modified_gmt":"2024-06-11T17:25:15","slug":"privacy-policy","status":"publish","type":"page","link":"https:\/\/nomediadetected.com\/fr\/politique-de-confidentialite\/","title":{"rendered":"Politique de cookies"},"content":{"rendered":"<p>La pr\u00e9sente politique en mati\u00e8re de cookies (\"Politique\") d\u00e9crit ce que sont les cookies et la mani\u00e8re dont ils sont utilis\u00e9s par le site web <a href=\"https:\/\/nomediadetected.com\/fr\/\">www.nomediadetected.com<\/a> (\"site web\" ou \"service\") et tous ses produits et services connexes (collectivement, les \"services\"). La pr\u00e9sente politique constitue un accord juridiquement contraignant entre vous (\"Utilisateur\", \"vous\" ou \"votre\") et l'op\u00e9rateur de ce site web (\"Op\u00e9rateur\", \"nous\", \"notre\" ou \"nos\"). Si vous concluez la pr\u00e9sente politique au nom d'une entreprise ou d'une autre entit\u00e9 juridique, vous d\u00e9clarez que vous avez le pouvoir de lier cette entit\u00e9 \u00e0 la pr\u00e9sente politique, auquel cas les termes \"Utilisateur\", \"vous\" ou \"votre\" se r\u00e9f\u00e8rent \u00e0 cette entit\u00e9. Si vous n'avez pas cette autorit\u00e9 ou si vous n'\u00eates pas d'accord avec les termes de la pr\u00e9sente politique, vous ne devez pas accepter cette politique et ne pouvez pas acc\u00e9der au site web et aux services ni les utiliser. Nous vous conseillons de lire la pr\u00e9sente politique afin de comprendre les types de cookies que nous utilisons, les informations que nous recueillons \u00e0 l'aide des cookies et la mani\u00e8re dont ces informations sont utilis\u00e9es. Elle d\u00e9crit \u00e9galement les choix qui s'offrent \u00e0 vous pour accepter ou refuser l'utilisation des cookies.<\/p>\n\n\n\n<h3 class=\"wp-block-heading\">Table des mati\u00e8res<\/h3>\n\n\n\n<ol class=\"wp-block-list\">\n<li><a href=\"#what-are-cookies\">Que sont les cookies ?<\/a><\/li>\n\n\n\n<li><a href=\"#what-type-of-cookies-do-we-use\">Quels types de cookies utilisons-nous ?<\/a><\/li>\n\n\n\n<li><a href=\"#what-are-your-cookie-options\">Quelles sont vos options en mati\u00e8re de cookies ?<\/a><\/li>\n\n\n\n<li><a href=\"#changes-and-amendments\">Changements et modifications<\/a><\/li>\n\n\n\n<li><a href=\"#acceptance-of-this-policy\">Acceptation de cette politique<\/a><\/li>\n\n\n\n<li><a href=\"#contacting-us\">Nous contacter<\/a><\/li>\n<\/ol>\n\n\n\n<h2 class=\"wp-block-heading\" id=\"what-are-cookies\">Que sont les cookies ?<\/h2>\n\n\n\n<p>Les cookies sont de petits \u00e9l\u00e9ments de donn\u00e9es stock\u00e9s dans des fichiers texte qui sont enregistr\u00e9s sur votre ordinateur ou d'autres appareils lorsque des sites web sont charg\u00e9s dans un navigateur. Ils sont largement utilis\u00e9s pour se souvenir de vous et de vos pr\u00e9f\u00e9rences, soit pour une seule visite (au moyen d'un \"cookie de session\"), soit pour plusieurs visites r\u00e9p\u00e9t\u00e9es (au moyen d'un \"cookie persistant\").<\/p>\n\n\n\n<p>Les cookies de session sont des cookies temporaires qui sont utilis\u00e9s pendant votre visite sur le site web et qui expirent lorsque vous fermez le navigateur web.<\/p>\n\n\n\n<p>Les cookies persistants sont utilis\u00e9s pour m\u00e9moriser vos pr\u00e9f\u00e9rences sur notre site web et restent sur votre ordinateur de bureau ou votre appareil mobile m\u00eame apr\u00e8s la fermeture de votre navigateur ou le red\u00e9marrage de votre ordinateur. Ils garantissent une exp\u00e9rience coh\u00e9rente et efficace lors de votre visite du site web et des services.<\/p>\n\n\n\n<p>Les cookies peuvent \u00eatre install\u00e9s par le site web (\"cookies de premi\u00e8re partie\") ou par des tiers, tels que ceux qui fournissent du contenu ou des services de publicit\u00e9 ou d'analyse sur le site web (\"cookies de tierce partie\"). Ces tiers peuvent vous reconna\u00eetre lorsque vous visitez notre site web et \u00e9galement lorsque vous visitez certains autres sites web.<\/p>\n\n\n\n<h2 class=\"wp-block-heading\" id=\"what-type-of-cookies-do-we-use\">Quels types de cookies utilisons-nous ?<\/h2>\n\n\n\n<h3 class=\"wp-block-heading\">Cookies analytiques<\/h3>\n\n\n\n<p>Ces cookies nous permettent, ainsi qu'\u00e0 des services tiers, de collecter des donn\u00e9es agr\u00e9g\u00e9es \u00e0 des fins statistiques sur la mani\u00e8re dont nos visiteurs utilisent le site web. Ces cookies ne contiennent pas d'informations personnelles telles que les noms et les adresses \u00e9lectroniques et sont utilis\u00e9s pour nous aider \u00e0 am\u00e9liorer votre exp\u00e9rience d'utilisateur du site web.<\/p>\n\n\n\n<h2 class=\"wp-block-heading\" id=\"what-are-your-cookie-options\">Quelles sont vos options en mati\u00e8re de cookies ?<\/h2>\n\n\n\n<p>Si vous n'aimez pas l'id\u00e9e des cookies ou de certains types de cookies, vous pouvez modifier les param\u00e8tres de votre navigateur afin de supprimer les cookies d\u00e9j\u00e0 install\u00e9s et de ne pas en accepter de nouveaux. Visiter le site <a href=\"https:\/\/www.internetcookies.com\">internetcookies.com<\/a> pour en savoir plus.<\/p>\n\n\n\n<h2 class=\"wp-block-heading\" id=\"changes-and-amendments\">Changements et modifications<\/h2>\n\n\n\n<p>Nous nous r\u00e9servons le droit de modifier la pr\u00e9sente politique ou les conditions relatives au site web et aux services \u00e0 tout moment et \u00e0 notre discr\u00e9tion. Le cas \u00e9ch\u00e9ant, nous indiquerons la date de mise \u00e0 jour au bas de cette page. Nous pouvons \u00e9galement vous informer par d'autres moyens, \u00e0 notre discr\u00e9tion, tels que les coordonn\u00e9es que vous nous avez fournies.<\/p>\n\n\n\n<p>Une version mise \u00e0 jour de la pr\u00e9sente politique entrera en vigueur imm\u00e9diatement apr\u00e8s la publication de la politique r\u00e9vis\u00e9e, sauf indication contraire. En continuant \u00e0 utiliser le site web et les services apr\u00e8s la date d'entr\u00e9e en vigueur de la politique r\u00e9vis\u00e9e (ou de tout autre acte sp\u00e9cifi\u00e9 \u00e0 ce moment-l\u00e0), vous consentez \u00e0 ces modifications.<\/p>\n\n\n\n<h2 class=\"wp-block-heading\" id=\"acceptance-of-this-policy\">Acceptation de cette politique<\/h2>\n\n\n\n<p>Vous reconnaissez avoir lu la pr\u00e9sente politique et en accepter tous les termes et conditions. En acc\u00e9dant au site web et aux services et en les utilisant, vous acceptez d'\u00eatre li\u00e9 par la pr\u00e9sente politique. Si vous n'acceptez pas de respecter les conditions de la pr\u00e9sente politique, vous n'\u00eates pas autoris\u00e9 \u00e0 acc\u00e9der au site web et aux services ou \u00e0 les utiliser.<\/p>\n\n\n\n<h2 class=\"wp-block-heading\" id=\"contacting-us\">Nous contacter<\/h2>\n\n\n\n<p>Si vous avez des questions, des pr\u00e9occupations ou des plaintes concernant la pr\u00e9sente politique ou l'utilisation des cookies, nous vous invitons \u00e0 nous contacter en utilisant les coordonn\u00e9es ci-dessous :<\/p>\n\n\n\n<p><a title=\"Contact\" href=\"https:\/\/nomediadetected.com\/fr\/contact\/\">https:\/\/www.nomediadetected.com\/<\/a><\/p>\n\n\n\n<p>Ce document a \u00e9t\u00e9 mis \u00e0 jour pour la derni\u00e8re fois le 24 avril 2024.<\/p>","protected":false},"excerpt":{"rendered":"<p>This cookie policy (\u201cPolicy\u201d) describes what cookies are and how they\u2019re being used by the www.nomediadetected.com website (\u201cWebsite\u201d or \u201cService\u201d) and any of its related products and services (collectively, \u201cServices\u201d). This Policy is a legally binding agreement between you (\u201cUser\u201d, \u201cyou\u201d or \u201cyour\u201d) and this Website operator (\u201cOperator\u201d, \u201cwe\u201d, \u201cus\u201d or \u201cour\u201d). If you are [&hellip;]<\/p>","protected":false},"author":1,"featured_media":0,"parent":0,"menu_order":0,"comment_status":"closed","ping_status":"open","template":"","meta":{"footnotes":""},"class_list":["post-3","page","type-page","status-publish","hentry"],"yoast_head":"<!-- This site is optimized with the Yoast SEO plugin v26.9 - https:\/\/yoast.com\/product\/yoast-seo-wordpress\/ -->\n<title>Cookie policy - no media detected<\/title>\n<meta name=\"robots\" content=\"index, follow, max-snippet:-1, max-image-preview:large, max-video-preview:-1\" \/>\n<link rel=\"canonical\" href=\"https:\/\/nomediadetected.com\/fr\/politique-de-confidentialite\/\" \/>\n<meta property=\"og:locale\" content=\"fr_CA\" \/>\n<meta property=\"og:type\" content=\"article\" \/>\n<meta property=\"og:title\" content=\"Cookie policy - no media detected\" \/>\n<meta property=\"og:description\" content=\"This cookie policy (\u201cPolicy\u201d) describes what cookies are and how they\u2019re being used by the www.nomediadetected.com website (\u201cWebsite\u201d or \u201cService\u201d) and any of its related products and services (collectively, \u201cServices\u201d). This Policy is a legally binding agreement between you (\u201cUser\u201d, \u201cyou\u201d or \u201cyour\u201d) and this Website operator (\u201cOperator\u201d, \u201cwe\u201d, \u201cus\u201d or \u201cour\u201d). If you are [&hellip;]\" \/>\n<meta property=\"og:url\" content=\"https:\/\/nomediadetected.com\/fr\/politique-de-confidentialite\/\" \/>\n<meta property=\"og:site_name\" content=\"no media detected\" \/>\n<meta property=\"article:modified_time\" content=\"2024-06-11T17:25:15+00:00\" \/>\n<meta name=\"twitter:card\" content=\"summary_large_image\" \/>\n<meta name=\"twitter:label1\" content=\"Estimation du temps de lecture\" \/>\n\t<meta name=\"twitter:data1\" content=\"4 minutes\" \/>\n<script type=\"application\/ld+json\" class=\"yoast-schema-graph\">{\"@context\":\"https:\/\/schema.org\",\"@graph\":[{\"@type\":\"WebPage\",\"@id\":\"https:\/\/nomediadetected.com\/privacy-policy\/\",\"url\":\"https:\/\/nomediadetected.com\/privacy-policy\/\",\"name\":\"Cookie policy - no media detected\",\"isPartOf\":{\"@id\":\"https:\/\/nomediadetected.com\/#website\"},\"datePublished\":\"2024-06-06T18:06:44+00:00\",\"dateModified\":\"2024-06-11T17:25:15+00:00\",\"breadcrumb\":{\"@id\":\"https:\/\/nomediadetected.com\/privacy-policy\/#breadcrumb\"},\"inLanguage\":\"fr-CA\",\"potentialAction\":[{\"@type\":\"ReadAction\",\"target\":[\"https:\/\/nomediadetected.com\/privacy-policy\/\"]}]},{\"@type\":\"BreadcrumbList\",\"@id\":\"https:\/\/nomediadetected.com\/privacy-policy\/#breadcrumb\",\"itemListElement\":[{\"@type\":\"ListItem\",\"position\":1,\"name\":\"Home\",\"item\":\"https:\/\/nomediadetected.com\/\"},{\"@type\":\"ListItem\",\"position\":2,\"name\":\"Cookie policy\"}]},{\"@type\":\"WebSite\",\"@id\":\"https:\/\/nomediadetected.com\/#website\",\"url\":\"https:\/\/nomediadetected.com\/\",\"name\":\"no media detected\",\"description\":\"\",\"publisher\":{\"@id\":\"https:\/\/nomediadetected.com\/#organization\"},\"potentialAction\":[{\"@type\":\"SearchAction\",\"target\":{\"@type\":\"EntryPoint\",\"urlTemplate\":\"https:\/\/nomediadetected.com\/?s={search_term_string}\"},\"query-input\":{\"@type\":\"PropertyValueSpecification\",\"valueRequired\":true,\"valueName\":\"search_term_string\"}}],\"inLanguage\":\"fr-CA\"},{\"@type\":\"Organization\",\"@id\":\"https:\/\/nomediadetected.com\/#organization\",\"name\":\"no media detected\",\"url\":\"https:\/\/nomediadetected.com\/\",\"logo\":{\"@type\":\"ImageObject\",\"inLanguage\":\"fr-CA\",\"@id\":\"https:\/\/nomediadetected.com\/#\/schema\/logo\/image\/\",\"url\":\"https:\/\/nomediadetected.com\/wp-content\/uploads\/2024\/06\/hard-drive-solid.png\",\"contentUrl\":\"https:\/\/nomediadetected.com\/wp-content\/uploads\/2024\/06\/hard-drive-solid.png\",\"width\":512,\"height\":512,\"caption\":\"no media detected\"},\"image\":{\"@id\":\"https:\/\/nomediadetected.com\/#\/schema\/logo\/image\/\"}}]}<\/script>\n<!-- \/ Yoast SEO plugin. -->","yoast_head_json":{"title":"Cookie policy - no media detected","robots":{"index":"index","follow":"follow","max-snippet":"max-snippet:-1","max-image-preview":"max-image-preview:large","max-video-preview":"max-video-preview:-1"},"canonical":"https:\/\/nomediadetected.com\/fr\/politique-de-confidentialite\/","og_locale":"fr_CA","og_type":"article","og_title":"Cookie policy - no media detected","og_description":"This cookie policy (\u201cPolicy\u201d) describes what cookies are and how they\u2019re being used by the www.nomediadetected.com website (\u201cWebsite\u201d or \u201cService\u201d) and any of its related products and services (collectively, \u201cServices\u201d). This Policy is a legally binding agreement between you (\u201cUser\u201d, \u201cyou\u201d or \u201cyour\u201d) and this Website operator (\u201cOperator\u201d, \u201cwe\u201d, \u201cus\u201d or \u201cour\u201d). If you are [&hellip;]","og_url":"https:\/\/nomediadetected.com\/fr\/politique-de-confidentialite\/","og_site_name":"no media detected","article_modified_time":"2024-06-11T17:25:15+00:00","twitter_card":"summary_large_image","twitter_misc":{"Estimation du temps de lecture":"4 minutes"},"schema":{"@context":"https:\/\/schema.org","@graph":[{"@type":"WebPage","@id":"https:\/\/nomediadetected.com\/privacy-policy\/","url":"https:\/\/nomediadetected.com\/privacy-policy\/","name":"Cookie policy - no media detected","isPartOf":{"@id":"https:\/\/nomediadetected.com\/#website"},"datePublished":"2024-06-06T18:06:44+00:00","dateModified":"2024-06-11T17:25:15+00:00","breadcrumb":{"@id":"https:\/\/nomediadetected.com\/privacy-policy\/#breadcrumb"},"inLanguage":"fr-CA","potentialAction":[{"@type":"ReadAction","target":["https:\/\/nomediadetected.com\/privacy-policy\/"]}]},{"@type":"BreadcrumbList","@id":"https:\/\/nomediadetected.com\/privacy-policy\/#breadcrumb","itemListElement":[{"@type":"ListItem","position":1,"name":"Home","item":"https:\/\/nomediadetected.com\/"},{"@type":"ListItem","position":2,"name":"Cookie policy"}]},{"@type":"WebSite","@id":"https:\/\/nomediadetected.com\/#website","url":"https:\/\/nomediadetected.com\/","name":"no media detected","description":"","publisher":{"@id":"https:\/\/nomediadetected.com\/#organization"},"potentialAction":[{"@type":"SearchAction","target":{"@type":"EntryPoint","urlTemplate":"https:\/\/nomediadetected.com\/?s={search_term_string}"},"query-input":{"@type":"PropertyValueSpecification","valueRequired":true,"valueName":"search_term_string"}}],"inLanguage":"fr-CA"},{"@type":"Organization","@id":"https:\/\/nomediadetected.com\/#organization","name":"no media detected","url":"https:\/\/nomediadetected.com\/","logo":{"@type":"ImageObject","inLanguage":"fr-CA","@id":"https:\/\/nomediadetected.com\/#\/schema\/logo\/image\/","url":"https:\/\/nomediadetected.com\/wp-content\/uploads\/2024\/06\/hard-drive-solid.png","contentUrl":"https:\/\/nomediadetected.com\/wp-content\/uploads\/2024\/06\/hard-drive-solid.png","width":512,"height":512,"caption":"no media detected"},"image":{"@id":"https:\/\/nomediadetected.com\/#\/schema\/logo\/image\/"}}]}},"_links":{"self":[{"href":"https:\/\/nomediadetected.com\/fr\/wp-json\/wp\/v2\/pages\/3","targetHints":{"allow":["GET"]}}],"collection":[{"href":"https:\/\/nomediadetected.com\/fr\/wp-json\/wp\/v2\/pages"}],"about":[{"href":"https:\/\/nomediadetected.com\/fr\/wp-json\/wp\/v2\/types\/page"}],"author":[{"embeddable":true,"href":"https:\/\/nomediadetected.com\/fr\/wp-json\/wp\/v2\/users\/1"}],"replies":[{"embeddable":true,"href":"https:\/\/nomediadetected.com\/fr\/wp-json\/wp\/v2\/comments?post=3"}],"version-history":[{"count":5,"href":"https:\/\/nomediadetected.com\/fr\/wp-json\/wp\/v2\/pages\/3\/revisions"}],"predecessor-version":[{"id":299,"href":"https:\/\/nomediadetected.com\/fr\/wp-json\/wp\/v2\/pages\/3\/revisions\/299"}],"wp:attachment":[{"href":"https:\/\/nomediadetected.com\/fr\/wp-json\/wp\/v2\/media?parent=3"}],"curies":[{"name":"wp","href":"https:\/\/api.w.org\/{rel}","templated":true}]}}